{"id":614,"date":"2024-07-03T17:04:09","date_gmt":"2024-07-03T17:04:09","guid":{"rendered":"https:\/\/robben-island-capetown.com\/?page_id=614"},"modified":"2026-01-28T15:51:18","modified_gmt":"2026-01-28T15:51:18","slug":"datenschutz-cookie-politik","status":"publish","type":"page","link":"https:\/\/robben-island-capetown.com\/de\/privacy-cookies-policy\/","title":{"rendered":"Datenschutz &amp; Cookies Politik"},"content":{"rendered":"<div data-elementor-type=\"wp-page\" data-elementor-id=\"614\" class=\"elementor elementor-614\">\n\t\t\t\t<div class=\"elementor-element elementor-element-b61b3ee e-flex e-con-boxed e-con e-parent\" data-id=\"b61b3ee\" data-element_type=\"container\" data-e-type=\"container\">\n\t\t\t\t\t<div class=\"e-con-inner\">\n\t\t\t\t<div class=\"elementor-element elementor-element-cde0e77 elementor-widget elementor-widget-spacer\" data-id=\"cde0e77\" data-element_type=\"widget\" data-e-type=\"widget\" data-widget_type=\"spacer.default\">\n\t\t\t\t<div class=\"elementor-widget-container\">\n\t\t\t\t\t\t\t<div class=\"elementor-spacer\">\n\t\t\t<div class=\"elementor-spacer-inner\"><\/div>\n\t\t<\/div>\n\t\t\t\t\t\t<\/div>\n\t\t\t\t<\/div>\n\t\t\t\t\t<\/div>\n\t\t\t\t<\/div>\n\t\t<div class=\"elementor-element elementor-element-261e68a e-flex e-con-boxed e-con e-parent\" data-id=\"261e68a\" data-element_type=\"container\" data-e-type=\"container\" data-settings=\"{&quot;background_background&quot;:&quot;classic&quot;}\">\n\t\t\t\t\t<div class=\"e-con-inner\">\n\t\t\t\t<div class=\"elementor-element elementor-element-8e07e5d elementor-widget elementor-widget-heading\" data-id=\"8e07e5d\" data-element_type=\"widget\" data-e-type=\"widget\" data-widget_type=\"heading.default\">\n\t\t\t\t<div class=\"elementor-widget-container\">\n\t\t\t\t\t<h1 class=\"elementor-heading-title elementor-size-default\">Datenschutz &amp; Cookies Politik<\/h1>\t\t\t\t<\/div>\n\t\t\t\t<\/div>\n\t\t\t\t\t<\/div>\n\t\t\t\t<\/div>\n\t\t<div class=\"elementor-element elementor-element-4c57bad e-flex e-con-boxed e-con e-parent\" data-id=\"4c57bad\" data-element_type=\"container\" data-e-type=\"container\">\n\t\t\t\t\t<div class=\"e-con-inner\">\n\t\t<div class=\"elementor-element elementor-element-61fb4c0 e-con-full e-flex e-con e-child\" data-id=\"61fb4c0\" data-element_type=\"container\" data-e-type=\"container\">\n\t\t\t\t<div class=\"elementor-element elementor-element-fd38c56 elementor-widget elementor-widget-text-editor\" data-id=\"fd38c56\" data-element_type=\"widget\" data-e-type=\"widget\" data-widget_type=\"text-editor.default\">\n\t\t\t\t<div class=\"elementor-widget-container\">\n\t\t\t\t\t\t\t\t\t<div><p class=\"has-text-align-justify\">Ihre Privatsph\u00e4re ist wichtig. Die Datenschutz- und Cookie-Politik der Website www.robben-island-capetown.com respektiert Ihre Privatsph\u00e4re in Bezug auf alle Informationen, die auf der Website gesammelt werden k\u00f6nnen.<\/p><\/div><div><p class=\"has-text-align-justify\">Pers\u00f6nliche Informationen werden nur dann angefordert, wenn sie wirklich notwendig sind, um Ihnen eine Dienstleistung zu erbringen. Diese Anforderung erfolgt auf faire und legale Weise, mit Ihrem Wissen und Ihrer Zustimmung. Wir teilen Ihnen auch mit, warum diese Informationen gesammelt werden und wie sie verwendet werden.<\/p><\/div><div><p class=\"has-text-align-justify\">Die gesammelten Informationen werden nur so lange aufbewahrt, wie es f\u00fcr die Erbringung der gew\u00fcnschten Dienstleistung erforderlich ist. Wenn Daten gespeichert werden, werden sie mit kommerziell akzeptablen Mitteln gesch\u00fctzt, um Verlust und Diebstahl sowie unbefugten Zugriff, Offenlegung, Kopieren, Verwendung oder \u00c4nderung zu verhindern.<\/p><\/div><div><p class=\"has-text-align-justify\">Pers\u00f6nlich identifizierbare Informationen werden nicht \u00f6ffentlich oder an Dritte weitergegeben, es sei denn, dies ist gesetzlich vorgeschrieben.<\/p><\/div><div><p class=\"has-text-align-justify\">Diese Website kann Links zu externen Websites enthalten, die nicht von uns betrieben werden. Bitte beachten Sie, dass die Website www.robben-island-capetown.com keine Kontrolle \u00fcber den Inhalt und die Praktiken dieser Websites hat und keine Verantwortung f\u00fcr deren Datenschutzrichtlinien \u00fcbernehmen kann.<\/p><\/div><div><p class=\"has-text-align-justify\">Es steht dem Nutzer frei, die Angabe der angeforderten pers\u00f6nlichen Daten zu verweigern, wobei er sich dar\u00fcber im Klaren ist, dass einige der gew\u00fcnschten Dienstleistungen m\u00f6glicherweise nicht erbracht werden k\u00f6nnen.<\/p><\/div><div><p class=\"has-text-align-justify\">Die fortgesetzte Nutzung dieser Website gilt als Zustimmung zu den Praktiken im Zusammenhang mit dem Datenschutz und pers\u00f6nlichen Daten. Wenn Sie Fragen dazu haben, wie Nutzerdaten und pers\u00f6nliche Informationen verwaltet werden, oder zu unserer Datenschutzpolitik im Allgemeinen, wenden Sie sich bitte an<span class=\"apple-converted-space\">\u00a0<\/span>kontaktieren Sie uns unter <a href=\"mailto:info@robben-island-capetown.com\">info@robben-island-capetown.com<\/a>.<\/p><\/div>\t\t\t\t\t\t\t\t<\/div>\n\t\t\t\t<\/div>\n\t\t\t\t<\/div>\n\t\t\t\t\t<\/div>\n\t\t\t\t<\/div>\n\t\t<div class=\"elementor-element elementor-element-d2ee07e e-flex e-con-boxed e-con e-parent\" data-id=\"d2ee07e\" data-element_type=\"container\" data-e-type=\"container\">\n\t\t\t\t\t<div class=\"e-con-inner\">\n\t\t<div class=\"elementor-element elementor-element-c336767 e-con-full e-flex e-con e-child\" data-id=\"c336767\" data-element_type=\"container\" data-e-type=\"container\">\n\t\t\t\t<div class=\"elementor-element elementor-element-ba7bb2a elementor-widget elementor-widget-heading\" data-id=\"ba7bb2a\" data-element_type=\"widget\" data-e-type=\"widget\" data-widget_type=\"heading.default\">\n\t\t\t\t<div class=\"elementor-widget-container\">\n\t\t\t\t\t<h2 class=\"elementor-heading-title elementor-size-default\">Welche pers\u00f6nlichen Daten werden gesammelt und warum?<\/h2>\t\t\t\t<\/div>\n\t\t\t\t<\/div>\n\t\t\t\t<div class=\"elementor-element elementor-element-c834592 elementor-widget elementor-widget-text-editor\" data-id=\"c834592\" data-element_type=\"widget\" data-e-type=\"widget\" data-widget_type=\"text-editor.default\">\n\t\t\t\t<div class=\"elementor-widget-container\">\n\t\t\t\t\t\t\t\t\t<div class=\"elementor-element elementor-element-7a5c89c3 elementor-widget elementor-widget-text-editor\" data-id=\"7a5c89c3\" data-element_type=\"widget\" data-widget_type=\"text-editor.default\"><div class=\"elementor-widget-container\"><p><span>Personenbezogene Daten werden nicht nur durch die Interaktion der Nutzer mit der Website erzeugt. Personenbezogene Daten werden durch technische Prozesse wie Kontaktformulare, Kommentare, Cookies, analytische Daten und die Einbindung von Dritten erzeugt.<\/span><\/p><\/div><\/div>\t\t\t\t\t\t\t\t<\/div>\n\t\t\t\t<\/div>\n\t\t\t\t<\/div>\n\t\t\t\t\t<\/div>\n\t\t\t\t<\/div>\n\t\t<div class=\"elementor-element elementor-element-6b76c99 e-flex e-con-boxed e-con e-parent\" data-id=\"6b76c99\" data-element_type=\"container\" data-e-type=\"container\">\n\t\t\t\t\t<div class=\"e-con-inner\">\n\t\t<div class=\"elementor-element elementor-element-ca3ae4e e-con-full e-flex e-con e-child\" data-id=\"ca3ae4e\" data-element_type=\"container\" data-e-type=\"container\">\n\t\t\t\t<div class=\"elementor-element elementor-element-8c76ba5 elementor-widget elementor-widget-heading\" data-id=\"8c76ba5\" data-element_type=\"widget\" data-e-type=\"widget\" data-widget_type=\"heading.default\">\n\t\t\t\t<div class=\"elementor-widget-container\">\n\t\t\t\t\t<h2 class=\"elementor-heading-title elementor-size-default\">Cookies-Politik<\/h2>\t\t\t\t<\/div>\n\t\t\t\t<\/div>\n\t\t\t\t<div class=\"elementor-element elementor-element-fc35438 elementor-widget elementor-widget-html\" data-id=\"fc35438\" data-element_type=\"widget\" data-e-type=\"widget\" data-widget_type=\"html.default\">\n\t\t\t\t<div class=\"elementor-widget-container\">\n\t\t\t\t\t<script id=\"CookieDeclaration\" src=\"https:\/\/consent.cookiebot.com\/4e0263a7-8325-47d2-8bff-2fc515b60382\/cd.js\" type=\"text\/javascript\" async><\/script>\t\t\t\t<\/div>\n\t\t\t\t<\/div>\n\t\t\t\t<\/div>\n\t\t\t\t\t<\/div>\n\t\t\t\t<\/div>\n\t\t<div class=\"elementor-element elementor-element-02d9ea7 e-flex e-con-boxed e-con e-parent\" data-id=\"02d9ea7\" data-element_type=\"container\" data-e-type=\"container\">\n\t\t\t\t\t<div class=\"e-con-inner\">\n\t\t<div class=\"elementor-element elementor-element-0a14768 e-con-full e-flex e-con e-child\" data-id=\"0a14768\" data-element_type=\"container\" data-e-type=\"container\">\n\t\t\t\t<div class=\"elementor-element elementor-element-108bc03 elementor-widget elementor-widget-heading\" data-id=\"108bc03\" data-element_type=\"widget\" data-e-type=\"widget\" data-widget_type=\"heading.default\">\n\t\t\t\t<div class=\"elementor-widget-container\">\n\t\t\t\t\t<h3 class=\"elementor-heading-title elementor-size-default\">Eingebettete Inhalte von anderen Websites<\/h3>\t\t\t\t<\/div>\n\t\t\t\t<\/div>\n\t\t\t\t<div class=\"elementor-element elementor-element-f137dbd elementor-widget elementor-widget-text-editor\" data-id=\"f137dbd\" data-element_type=\"widget\" data-e-type=\"widget\" data-widget_type=\"text-editor.default\">\n\t\t\t\t<div class=\"elementor-widget-container\">\n\t\t\t\t\t\t\t\t\t<div class=\"elementor-element elementor-element-33855453 elementor-widget elementor-widget-text-editor\" data-id=\"33855453\" data-element_type=\"widget\" data-widget_type=\"text-editor.default\"><div class=\"elementor-widget-container\"><ul><li>Diese Website kann eingebettete Inhalte enthalten (z. B. Videos, Bilder, Artikel usw.). Die eingebetteten Inhalte von anderen Websites verhalten sich so, als ob der Benutzer diese Websites besuchen w\u00fcrde<span>.<\/span><\/li><\/ul><\/div><\/div>\t\t\t\t\t\t\t\t<\/div>\n\t\t\t\t<\/div>\n\t\t\t\t<\/div>\n\t\t\t\t\t<\/div>\n\t\t\t\t<\/div>\n\t\t<div class=\"elementor-element elementor-element-5ecb975 e-flex e-con-boxed e-con e-parent\" data-id=\"5ecb975\" data-element_type=\"container\" data-e-type=\"container\">\n\t\t\t\t\t<div class=\"e-con-inner\">\n\t\t<div class=\"elementor-element elementor-element-08f5e5b e-con-full e-flex e-con e-child\" data-id=\"08f5e5b\" data-element_type=\"container\" data-e-type=\"container\">\n\t\t\t\t<div class=\"elementor-element elementor-element-3d294ad elementor-widget elementor-widget-heading\" data-id=\"3d294ad\" data-element_type=\"widget\" data-e-type=\"widget\" data-widget_type=\"heading.default\">\n\t\t\t\t<div class=\"elementor-widget-container\">\n\t\t\t\t\t<h2 class=\"elementor-heading-title elementor-size-default\">Die Rechte, die Sie \u00fcber Ihre Daten haben<\/h2>\t\t\t\t<\/div>\n\t\t\t\t<\/div>\n\t\t\t\t<div class=\"elementor-element elementor-element-c05eb3e elementor-widget elementor-widget-text-editor\" data-id=\"c05eb3e\" data-element_type=\"widget\" data-e-type=\"widget\" data-widget_type=\"text-editor.default\">\n\t\t\t\t<div class=\"elementor-widget-container\">\n\t\t\t\t\t\t\t\t\t<p><span>Wenn Sie auf dieser Website Kommentare hinterlassen haben, k\u00f6nnen Sie eine Exportdatei mit den \u00fcber Sie gespeicherten personenbezogenen Daten anfordern, einschlie\u00dflich der von Ihnen angegebenen personenbezogenen Daten. Sie k\u00f6nnen auch beantragen, dass die gespeicherten Daten gel\u00f6scht werden. Davon ausgenommen sind personenbezogene Daten, die aus administrativen, rechtlichen oder sicherheitsrelevanten Gr\u00fcnden aufbewahrt werden m\u00fcssen.<\/span><\/p><p><span lang=\"EN-US\">Wenn Sie Fragen zu unserer Datenschutzpolitik haben oder pers\u00f6nliche Daten \u00e4ndern, aktualisieren oder entfernen m\u00f6chten, senden Sie eine E-Mail an <a href=\"mailto:info@robben-island-capetown.com\"><span class=\"apple-converted-space\">info@robben-island-capetown.com<\/span><\/a><\/span><span lang=\"EN-US\">.<\/span><\/p>\t\t\t\t\t\t\t\t<\/div>\n\t\t\t\t<\/div>\n\t\t\t\t<\/div>\n\t\t\t\t\t<\/div>\n\t\t\t\t<\/div>\n\t\t<div class=\"elementor-element elementor-element-65cabc7 e-flex e-con-boxed e-con e-parent\" data-id=\"65cabc7\" data-element_type=\"container\" data-e-type=\"container\">\n\t\t\t\t\t<div class=\"e-con-inner\">\n\t\t<div class=\"elementor-element elementor-element-08dcbf0 e-con-full e-flex e-con e-child\" data-id=\"08dcbf0\" data-element_type=\"container\" data-e-type=\"container\">\n\t\t\t\t<div class=\"elementor-element elementor-element-46adfa5 elementor-widget elementor-widget-heading\" data-id=\"46adfa5\" data-element_type=\"widget\" data-e-type=\"widget\" data-widget_type=\"heading.default\">\n\t\t\t\t<div class=\"elementor-widget-container\">\n\t\t\t\t\t<h2 class=\"elementor-heading-title elementor-size-default\">Bedingungen und Konditionen<\/h2>\t\t\t\t<\/div>\n\t\t\t\t<\/div>\n\t\t\t\t<div class=\"elementor-element elementor-element-f89b276 elementor-widget elementor-widget-text-editor\" data-id=\"f89b276\" data-element_type=\"widget\" data-e-type=\"widget\" data-widget_type=\"text-editor.default\">\n\t\t\t\t<div class=\"elementor-widget-container\">\n\t\t\t\t\t\t\t\t\t<section class=\"elementor-section elementor-top-section elementor-element elementor-element-6f7043ac elementor-section-boxed elementor-section-height-default elementor-section-height-default\" data-id=\"6f7043ac\" data-element_type=\"section\"><div class=\"elementor-container elementor-column-gap-default\"><div class=\"elementor-column elementor-col-100 elementor-top-column elementor-element elementor-element-6dd1c281\" data-id=\"6dd1c281\" data-element_type=\"column\"><div class=\"elementor-widget-wrap elementor-element-populated\"><div class=\"elementor-element elementor-element-49f386c elementor-widget elementor-widget-text-editor\" data-id=\"49f386c\" data-element_type=\"widget\" data-widget_type=\"text-editor.default\"><div class=\"elementor-widget-container\"><p><span>Wenn Sie Fragen zu den allgemeinen Gesch\u00e4ftsbedingungen f\u00fcr die Nutzung dieser Website haben, besuchen Sie unsere\u00a0<\/span><a href=\"https:\/\/robben-island-capetown.com\/de\/haftungsausschluss-und-bedingungen\/\" target=\"_blank\" rel=\"noopener\">Haftungsausschluss und Allgemeine Gesch\u00e4ftsbedingungen<\/a><span>\u00a0Seite.<\/span><\/p><\/div><\/div><\/div><\/div><\/div><\/section>\t\t\t\t\t\t\t\t<\/div>\n\t\t\t\t<\/div>\n\t\t\t\t<\/div>\n\t\t\t\t\t<\/div>\n\t\t\t\t<\/div>\n\t\t<div class=\"elementor-element elementor-element-f1fbcf4 e-flex e-con-boxed e-con e-parent\" data-id=\"f1fbcf4\" data-element_type=\"container\" data-e-type=\"container\">\n\t\t\t\t\t<div class=\"e-con-inner\">\n\t\t\t\t<div class=\"elementor-element elementor-element-833f6ff elementor-widget elementor-widget-spacer\" data-id=\"833f6ff\" data-element_type=\"widget\" data-e-type=\"widget\" data-widget_type=\"spacer.default\">\n\t\t\t\t<div class=\"elementor-widget-container\">\n\t\t\t\t\t\t\t<div class=\"elementor-spacer\">\n\t\t\t<div class=\"elementor-spacer-inner\"><\/div>\n\t\t<\/div>\n\t\t\t\t\t\t<\/div>\n\t\t\t\t<\/div>\n\t\t\t\t\t<\/div>\n\t\t\t\t<\/div>\n\t\t\t\t<\/div>","protected":false},"excerpt":{"rendered":"<p>Privacy &amp; Cookies Policy Your privacy is important. It is the Privacy &amp; Cookies Policy of the www.robben-island-capetown.com website to respect your privacy in relation to any information that may be collected on the website. Personal information is requested only when it is really necessary to provide you with a [&hellip;]<\/p>\n","protected":false},"author":1,"featured_media":0,"parent":0,"menu_order":0,"comment_status":"closed","ping_status":"closed","template":"page-templates\/template-pagebuilder-full-width.php","meta":{"footnotes":""},"class_list":["post-614","page","type-page","status-publish","hentry"],"yoast_head":"<!-- This site is optimized with the Yoast SEO plugin v27.4 - https:\/\/yoast.com\/product\/yoast-seo-wordpress\/ -->\n<title>Privacy &amp; Cookies Policy<\/title>\n<meta name=\"description\" content=\"Please check here the complete Privacy &amp; Cookies Policy of this website in relation to any information that may be collected.\" \/>\n<meta name=\"robots\" content=\"index, follow, max-snippet:-1, max-image-preview:large, max-video-preview:-1\" \/>\n<link rel=\"canonical\" href=\"https:\/\/robben-island-capetown.com\/de\/datenschutz-cookie-politik\/\" \/>\n<meta property=\"og:locale\" content=\"de_DE\" \/>\n<meta property=\"og:type\" content=\"article\" \/>\n<meta property=\"og:title\" content=\"Privacy &amp; Cookies Policy\" \/>\n<meta property=\"og:description\" content=\"Please check here the complete Privacy &amp; Cookies Policy of this website in relation to any information that may be collected.\" \/>\n<meta property=\"og:url\" content=\"https:\/\/robben-island-capetown.com\/de\/datenschutz-cookie-politik\/\" \/>\n<meta property=\"og:site_name\" content=\"Robben Island Cape Town Tickets\" \/>\n<meta property=\"article:modified_time\" content=\"2026-01-28T15:51:18+00:00\" \/>\n<meta name=\"twitter:card\" content=\"summary_large_image\" \/>\n<meta name=\"twitter:label1\" content=\"Gesch\u00e4tzte Lesezeit\" \/>\n\t<meta name=\"twitter:data1\" content=\"2\u00a0Minuten\" \/>\n<script type=\"application\/ld+json\" class=\"yoast-schema-graph\">{\"@context\":\"https:\\\/\\\/schema.org\",\"@graph\":[{\"@type\":\"WebPage\",\"@id\":\"https:\\\/\\\/robben-island-capetown.com\\\/privacy-cookies-policy\\\/\",\"url\":\"https:\\\/\\\/robben-island-capetown.com\\\/privacy-cookies-policy\\\/\",\"name\":\"Privacy & Cookies Policy\",\"isPartOf\":{\"@id\":\"https:\\\/\\\/robben-island-capetown.com\\\/#website\"},\"datePublished\":\"2024-07-03T17:04:09+00:00\",\"dateModified\":\"2026-01-28T15:51:18+00:00\",\"description\":\"Please check here the complete Privacy & Cookies Policy of this website in relation to any information that may be collected.\",\"breadcrumb\":{\"@id\":\"https:\\\/\\\/robben-island-capetown.com\\\/privacy-cookies-policy\\\/#breadcrumb\"},\"inLanguage\":\"de\",\"potentialAction\":[{\"@type\":\"ReadAction\",\"target\":[\"https:\\\/\\\/robben-island-capetown.com\\\/privacy-cookies-policy\\\/\"]}]},{\"@type\":\"BreadcrumbList\",\"@id\":\"https:\\\/\\\/robben-island-capetown.com\\\/privacy-cookies-policy\\\/#breadcrumb\",\"itemListElement\":[{\"@type\":\"ListItem\",\"position\":1,\"name\":\"Home\",\"item\":\"https:\\\/\\\/robben-island-capetown.com\\\/\"},{\"@type\":\"ListItem\",\"position\":2,\"name\":\"Privacy &amp; Cookies Policy\"}]},{\"@type\":\"WebSite\",\"@id\":\"https:\\\/\\\/robben-island-capetown.com\\\/#website\",\"url\":\"https:\\\/\\\/robben-island-capetown.com\\\/\",\"name\":\"Robben Island Cape Town\",\"description\":\"\",\"publisher\":{\"@id\":\"https:\\\/\\\/robben-island-capetown.com\\\/#organization\"},\"potentialAction\":[{\"@type\":\"SearchAction\",\"target\":{\"@type\":\"EntryPoint\",\"urlTemplate\":\"https:\\\/\\\/robben-island-capetown.com\\\/?s={search_term_string}\"},\"query-input\":{\"@type\":\"PropertyValueSpecification\",\"valueRequired\":true,\"valueName\":\"search_term_string\"}}],\"inLanguage\":\"de\"},{\"@type\":\"Organization\",\"@id\":\"https:\\\/\\\/robben-island-capetown.com\\\/#organization\",\"name\":\"Robben Island Cape Town\",\"url\":\"https:\\\/\\\/robben-island-capetown.com\\\/\",\"logo\":{\"@type\":\"ImageObject\",\"inLanguage\":\"de\",\"@id\":\"https:\\\/\\\/robben-island-capetown.com\\\/#\\\/schema\\\/logo\\\/image\\\/\",\"url\":\"https:\\\/\\\/robben-island-capetown.com\\\/wp-content\\\/uploads\\\/2024\\\/05\\\/cropped-Robben-Island-Logo.png\",\"contentUrl\":\"https:\\\/\\\/robben-island-capetown.com\\\/wp-content\\\/uploads\\\/2024\\\/05\\\/cropped-Robben-Island-Logo.png\",\"width\":1197,\"height\":1011,\"caption\":\"Robben Island Cape Town\"},\"image\":{\"@id\":\"https:\\\/\\\/robben-island-capetown.com\\\/#\\\/schema\\\/logo\\\/image\\\/\"}}]}<\/script>\n<!-- \/ Yoast SEO plugin. -->","yoast_head_json":{"title":"Datenschutz &amp; Cookies Politik","description":"Bitte lesen Sie hier die vollst\u00e4ndige Datenschutz- und Cookie-Richtlinie dieser Website in Bezug auf alle Informationen, die gesammelt werden k\u00f6nnen.","robots":{"index":"index","follow":"follow","max-snippet":"max-snippet:-1","max-image-preview":"max-image-preview:large","max-video-preview":"max-video-preview:-1"},"canonical":"https:\/\/robben-island-capetown.com\/de\/datenschutz-cookie-politik\/","og_locale":"de_DE","og_type":"article","og_title":"Privacy & Cookies Policy","og_description":"Please check here the complete Privacy & Cookies Policy of this website in relation to any information that may be collected.","og_url":"https:\/\/robben-island-capetown.com\/de\/datenschutz-cookie-politik\/","og_site_name":"Robben Island Cape Town Tickets","article_modified_time":"2026-01-28T15:51:18+00:00","twitter_card":"summary_large_image","twitter_misc":{"Gesch\u00e4tzte Lesezeit":"2\u00a0Minuten"},"schema":{"@context":"https:\/\/schema.org","@graph":[{"@type":"WebPage","@id":"https:\/\/robben-island-capetown.com\/privacy-cookies-policy\/","url":"https:\/\/robben-island-capetown.com\/privacy-cookies-policy\/","name":"Datenschutz &amp; Cookies Politik","isPartOf":{"@id":"https:\/\/robben-island-capetown.com\/#website"},"datePublished":"2024-07-03T17:04:09+00:00","dateModified":"2026-01-28T15:51:18+00:00","description":"Bitte lesen Sie hier die vollst\u00e4ndige Datenschutz- und Cookie-Richtlinie dieser Website in Bezug auf alle Informationen, die gesammelt werden k\u00f6nnen.","breadcrumb":{"@id":"https:\/\/robben-island-capetown.com\/privacy-cookies-policy\/#breadcrumb"},"inLanguage":"de","potentialAction":[{"@type":"ReadAction","target":["https:\/\/robben-island-capetown.com\/privacy-cookies-policy\/"]}]},{"@type":"BreadcrumbList","@id":"https:\/\/robben-island-capetown.com\/privacy-cookies-policy\/#breadcrumb","itemListElement":[{"@type":"ListItem","position":1,"name":"Home","item":"https:\/\/robben-island-capetown.com\/"},{"@type":"ListItem","position":2,"name":"Privacy &amp; Cookies Policy"}]},{"@type":"WebSite","@id":"https:\/\/robben-island-capetown.com\/#website","url":"https:\/\/robben-island-capetown.com\/","name":"Robbeninsel Kapstadt","description":"","publisher":{"@id":"https:\/\/robben-island-capetown.com\/#organization"},"potentialAction":[{"@type":"SearchAction","target":{"@type":"EntryPoint","urlTemplate":"https:\/\/robben-island-capetown.com\/?s={search_term_string}"},"query-input":{"@type":"PropertyValueSpecification","valueRequired":true,"valueName":"search_term_string"}}],"inLanguage":"de"},{"@type":"Organization","@id":"https:\/\/robben-island-capetown.com\/#organization","name":"Robbeninsel Kapstadt","url":"https:\/\/robben-island-capetown.com\/","logo":{"@type":"ImageObject","inLanguage":"de","@id":"https:\/\/robben-island-capetown.com\/#\/schema\/logo\/image\/","url":"https:\/\/robben-island-capetown.com\/wp-content\/uploads\/2024\/05\/cropped-Robben-Island-Logo.png","contentUrl":"https:\/\/robben-island-capetown.com\/wp-content\/uploads\/2024\/05\/cropped-Robben-Island-Logo.png","width":1197,"height":1011,"caption":"Robben Island Cape Town"},"image":{"@id":"https:\/\/robben-island-capetown.com\/#\/schema\/logo\/image\/"}}]}},"_links":{"self":[{"href":"https:\/\/robben-island-capetown.com\/de\/wp-json\/wp\/v2\/pages\/614","targetHints":{"allow":["GET"]}}],"collection":[{"href":"https:\/\/robben-island-capetown.com\/de\/wp-json\/wp\/v2\/pages"}],"about":[{"href":"https:\/\/robben-island-capetown.com\/de\/wp-json\/wp\/v2\/types\/page"}],"author":[{"embeddable":true,"href":"https:\/\/robben-island-capetown.com\/de\/wp-json\/wp\/v2\/users\/1"}],"replies":[{"embeddable":true,"href":"https:\/\/robben-island-capetown.com\/de\/wp-json\/wp\/v2\/comments?post=614"}],"version-history":[{"count":0,"href":"https:\/\/robben-island-capetown.com\/de\/wp-json\/wp\/v2\/pages\/614\/revisions"}],"wp:attachment":[{"href":"https:\/\/robben-island-capetown.com\/de\/wp-json\/wp\/v2\/media?parent=614"}],"curies":[{"name":"wp","href":"https:\/\/api.w.org\/{rel}","templated":true}]}}